{"id":73324,"date":"2016-09-07T08:25:40","date_gmt":"2016-09-07T06:25:40","guid":{"rendered":"http:\/\/eugenieviellard.com\/dev\/bio\/"},"modified":"2019-02-09T17:09:40","modified_gmt":"2019-02-09T16:09:40","slug":"bio","status":"publish","type":"page","link":"https:\/\/eugenieviellard.com\/en\/bio\/","title":{"rendered":"Bio"},"content":{"rendered":"<div class=\"wpb-content-wrapper\"><p>[vc_row][vc_column width=&#8221;1\/2&#8243;][vc_column_text]<\/p>\n<p style=\"text-align: center;\"><strong>EUGENIE<\/strong><\/p>\n<p style=\"text-align: center;\">Eugenie Viellard is a French jewelry designer. She lives and works in Paris. Since 2006, Eugenie has been designing tailor &#8211; made jewelry pieces, inspired by her many travels, her passion for art and her family history.<\/p>\n<p style=\"text-align: center;\">CHILDHOOD<br \/>\nComing from a family of industrialists and artists, Eugenie grew up between Paris and the family property of Epernay. The Maison Belle-Epoque, jewel of the modern art, is today the museum of the house Perrier-Jou\u00ebt, an exceptional place where the Majorelle furniture and Leleu stand alongside of the works of Gall\u00e9, Mucha, Daum, Guimard, Toulouse-Lautrec, Rodin &#8230;<br \/>\nIt is in Clairefontaine, near the Chevreuse valley, another singular universe where Eugenie initiated herself to painting and sculpture making by developing a sensitivity for colors and lively materials.\n<\/p>\n<p style=\"text-align: center;\">INSPIRATION<br \/>\nHer passion for jewelry was sealed at the age of 9 by a gift from her grandmother carioca, raised in Rio de Janeiro, Brazil: a box containing cut and rough gems. Emeralds, aquamarines, tourmalines, amethysts, fire topazes and carnelians remind Eugenie of the light and the special nature of South America that enabled her to find the inspirations for her very first creations.<\/p>\n<p style=\"text-align: center;\">THE JEWELRY<br \/>\nEugenie&#8217;s passion for precious stones led her to study gemmology. She discovers the secrets of the manufacturing process of jewelry in an emblematic house in the Place Vend\u00f4me. Keeping from this period strong artistic friendships and a taste for special orders.<br \/>\nHer creative sensitivity, her taste for qualitative design and craftsmanship do the rest: Eugenie founded her jewelery brand at the end of 2006.\n<\/p>\n<p style=\"text-align: center;\">Eugenie imagines luminous and timeless jewelery, placing precious stones at the heart of her creations. &#8216;I create fine jewelery pieces for active and sophisticated women who want to wear them every day&#8217;.<\/p>\n<p>[\/vc_column_text][\/vc_column][vc_column width=&#8221;1\/2&#8243;][vc_column_text css=&#8221;.vc_custom_1548697108870{padding-top: 90px !important;}&#8221;]\n\t\t\t<!-- START SliderBio REVOLUTION SLIDER 6.7.23 --><p class=\"rs-p-wp-fix\"><\/p>\n\t\t\t<rs-module-wrap id=\"rev_slider_1_1_wrapper\" data-source=\"gallery\" style=\"visibility:hidden;background:transparent;padding:0;margin:0px auto;margin-top:0;margin-bottom:0;\">\n\t\t\t\t<rs-module id=\"rev_slider_1_1\" style=\"\" data-version=\"6.7.23\">\n\t\t\t\t\t<rs-slides style=\"overflow: hidden; position: absolute;\">\n\t\t\t\t\t\t<rs-slide style=\"position: absolute;\" data-key=\"rs-1\" data-title=\"Slide\" data-thumb=\"\/\/eugenieviellard.com\/wp-content\/uploads\/2018\/12\/Eugenie-Viellard-Biographie-100x50.jpg\" data-anim=\"adpr:false;\">\n\t\t\t\t\t\t\t<img decoding=\"async\" src=\"\/\/eugenieviellard.com\/wp-content\/plugins\/revslider\/sr6\/assets\/assets\/dummy.png\" alt=\"\" title=\"Bio\" class=\"rev-slidebg tp-rs-img rs-lazyload\" data-lazyload=\"\/\/eugenieviellard.com\/wp-content\/uploads\/2018\/12\/Eugenie-Viellard-Biographie.jpg\" data-parallax=\"off\" data-no-retina>\n<!---->\t\t\t\t\t<\/rs-slide>\n\t\t\t\t\t\t<rs-slide style=\"position: absolute;\" data-key=\"rs-2\" data-title=\"Slide\" data-thumb=\"\/\/eugenieviellard.com\/wp-content\/uploads\/2018\/12\/Eugenie_Viellard_Biographie_Le34-100x50.jpg\" data-anim=\"adpr:false;\">\n\t\t\t\t\t\t\t<img decoding=\"async\" src=\"\/\/eugenieviellard.com\/wp-content\/plugins\/revslider\/sr6\/assets\/assets\/dummy.png\" alt=\"\" title=\"Bio\" class=\"rev-slidebg tp-rs-img rs-lazyload\" data-lazyload=\"\/\/eugenieviellard.com\/wp-content\/uploads\/2018\/12\/Eugenie_Viellard_Biographie_Le34.jpg\" data-parallax=\"off\" data-no-retina>\n<!---->\t\t\t\t\t<\/rs-slide>\n\t\t\t\t\t\t<rs-slide style=\"position: absolute;\" data-key=\"rs-3\" data-title=\"Slide\" data-thumb=\"\/\/eugenieviellard.com\/wp-content\/uploads\/2018\/12\/Eugenie_Viellard_Biographie_Le34_2-100x50.jpg\" data-anim=\"adpr:false;\">\n\t\t\t\t\t\t\t<img decoding=\"async\" src=\"\/\/eugenieviellard.com\/wp-content\/plugins\/revslider\/sr6\/assets\/assets\/dummy.png\" alt=\"\" title=\"Bio\" class=\"rev-slidebg tp-rs-img rs-lazyload\" data-lazyload=\"\/\/eugenieviellard.com\/wp-content\/uploads\/2018\/12\/Eugenie_Viellard_Biographie_Le34_2.jpg\" data-parallax=\"off\" data-no-retina>\n<!---->\t\t\t\t\t<\/rs-slide>\n\t\t\t\t\t<\/rs-slides>\n\t\t\t\t<\/rs-module>\n\t\t\t\t<script>\n\t\t\t\t\tsetREVStartSize({c: 'rev_slider_1_1',rl:[1240,1024,778,480],el:[],gw:[600,600,600,480],gh:[800,800,800,720],type:'standard',justify:'',layout:'fullwidth',mh:\"750\"});if (window.RS_MODULES!==undefined && window.RS_MODULES.modules!==undefined && window.RS_MODULES.modules[\"revslider11\"]!==undefined) {window.RS_MODULES.modules[\"revslider11\"].once = false;window.revapi1 = undefined;if (window.RS_MODULES.checkMinimal!==undefined) window.RS_MODULES.checkMinimal()}\n\t\t\t\t<\/script>\n\t\t\t<\/rs-module-wrap>\n\t\t\t<!-- END REVOLUTION SLIDER -->\n[\/vc_column_text][\/vc_column][\/vc_row]<\/p>\n<\/div>","protected":false},"excerpt":{"rendered":"<p>[vc_row][vc_column width=&#8221;1\/2&#8243;][vc_column_text] EUGENIE Eugenie Viellard is a French jewelry designer. She lives and works in Paris. Since 2006, Eugenie has [&hellip;]<\/p>\n","protected":false},"author":1,"featured_media":1334,"parent":0,"menu_order":0,"comment_status":"closed","ping_status":"closed","template":"","meta":{"_exactmetrics_skip_tracking":false,"_exactmetrics_sitenote_active":false,"_exactmetrics_sitenote_note":"","_exactmetrics_sitenote_category":0,"footnotes":""},"class_list":["post-73324","page","type-page","status-publish","has-post-thumbnail","hentry"],"yoast_head":"<!-- This site is optimized with the Yoast SEO plugin v24.0 - https:\/\/yoast.com\/wordpress\/plugins\/seo\/ -->\n<title>Bio - Eug\u00e9nie Viellard<\/title>\n<meta name=\"robots\" content=\"index, follow, max-snippet:-1, max-image-preview:large, max-video-preview:-1\" \/>\n<link rel=\"canonical\" href=\"https:\/\/eugenieviellard.com\/en\/bio\/\" \/>\n<meta property=\"og:locale\" content=\"en_US\" \/>\n<meta property=\"og:type\" content=\"article\" \/>\n<meta property=\"og:title\" content=\"Bio - Eug\u00e9nie Viellard\" \/>\n<meta property=\"og:description\" content=\"[vc_row][vc_column width=&#8221;1\/2&#8243;][vc_column_text] EUGENIE Eugenie Viellard is a French jewelry designer. She lives and works in Paris. Since 2006, Eugenie has [&hellip;]\" \/>\n<meta property=\"og:url\" content=\"https:\/\/eugenieviellard.com\/en\/bio\/\" \/>\n<meta property=\"og:site_name\" content=\"Eug\u00e9nie Viellard\" \/>\n<meta property=\"article:modified_time\" content=\"2019-02-09T16:09:40+00:00\" \/>\n<meta property=\"og:image\" content=\"https:\/\/eugenieviellard.com\/wp-content\/uploads\/2018\/12\/Eugenie-Viellard-Biographie.jpg\" \/>\n\t<meta property=\"og:image:width\" content=\"800\" \/>\n\t<meta property=\"og:image:height\" content=\"968\" \/>\n\t<meta property=\"og:image:type\" content=\"image\/jpeg\" \/>\n<meta name=\"twitter:card\" content=\"summary_large_image\" \/>\n<meta name=\"twitter:label1\" content=\"Est. reading time\" \/>\n\t<meta name=\"twitter:data1\" content=\"2 minutes\" \/>\n<script type=\"application\/ld+json\" class=\"yoast-schema-graph\">{\"@context\":\"https:\/\/schema.org\",\"@graph\":[{\"@type\":\"WebPage\",\"@id\":\"https:\/\/eugenieviellard.com\/en\/bio\/\",\"url\":\"https:\/\/eugenieviellard.com\/en\/bio\/\",\"name\":\"Bio - Eug\u00e9nie Viellard\",\"isPartOf\":{\"@id\":\"https:\/\/eugenieviellard.com\/en\/#website\"},\"primaryImageOfPage\":{\"@id\":\"https:\/\/eugenieviellard.com\/en\/bio\/#primaryimage\"},\"image\":{\"@id\":\"https:\/\/eugenieviellard.com\/en\/bio\/#primaryimage\"},\"thumbnailUrl\":\"https:\/\/eugenieviellard.com\/wp-content\/uploads\/2018\/12\/Eugenie-Viellard-Biographie.jpg\",\"datePublished\":\"2016-09-07T06:25:40+00:00\",\"dateModified\":\"2019-02-09T16:09:40+00:00\",\"breadcrumb\":{\"@id\":\"https:\/\/eugenieviellard.com\/en\/bio\/#breadcrumb\"},\"inLanguage\":\"en-US\",\"potentialAction\":[{\"@type\":\"ReadAction\",\"target\":[\"https:\/\/eugenieviellard.com\/en\/bio\/\"]}]},{\"@type\":\"ImageObject\",\"inLanguage\":\"en-US\",\"@id\":\"https:\/\/eugenieviellard.com\/en\/bio\/#primaryimage\",\"url\":\"https:\/\/eugenieviellard.com\/wp-content\/uploads\/2018\/12\/Eugenie-Viellard-Biographie.jpg\",\"contentUrl\":\"https:\/\/eugenieviellard.com\/wp-content\/uploads\/2018\/12\/Eugenie-Viellard-Biographie.jpg\",\"width\":800,\"height\":968},{\"@type\":\"BreadcrumbList\",\"@id\":\"https:\/\/eugenieviellard.com\/en\/bio\/#breadcrumb\",\"itemListElement\":[{\"@type\":\"ListItem\",\"position\":1,\"name\":\"Accueil\",\"item\":\"https:\/\/eugenieviellard.com\/en\/\"},{\"@type\":\"ListItem\",\"position\":2,\"name\":\"Bio\"}]},{\"@type\":\"WebSite\",\"@id\":\"https:\/\/eugenieviellard.com\/en\/#website\",\"url\":\"https:\/\/eugenieviellard.com\/en\/\",\"name\":\"Eug\u00e9nie Viellard\",\"description\":\"Eug\u00e9nie Viellard, Cr\u00e9atrice en joaillerie, Paris\",\"potentialAction\":[{\"@type\":\"SearchAction\",\"target\":{\"@type\":\"EntryPoint\",\"urlTemplate\":\"https:\/\/eugenieviellard.com\/en\/?s={search_term_string}\"},\"query-input\":{\"@type\":\"PropertyValueSpecification\",\"valueRequired\":true,\"valueName\":\"search_term_string\"}}],\"inLanguage\":\"en-US\"}]}<\/script>\n<!-- \/ Yoast SEO plugin. -->","yoast_head_json":{"title":"Bio - Eug\u00e9nie Viellard","robots":{"index":"index","follow":"follow","max-snippet":"max-snippet:-1","max-image-preview":"max-image-preview:large","max-video-preview":"max-video-preview:-1"},"canonical":"https:\/\/eugenieviellard.com\/en\/bio\/","og_locale":"en_US","og_type":"article","og_title":"Bio - Eug\u00e9nie Viellard","og_description":"[vc_row][vc_column width=&#8221;1\/2&#8243;][vc_column_text] EUGENIE Eugenie Viellard is a French jewelry designer. She lives and works in Paris. Since 2006, Eugenie has [&hellip;]","og_url":"https:\/\/eugenieviellard.com\/en\/bio\/","og_site_name":"Eug\u00e9nie Viellard","article_modified_time":"2019-02-09T16:09:40+00:00","og_image":[{"width":800,"height":968,"url":"https:\/\/eugenieviellard.com\/wp-content\/uploads\/2018\/12\/Eugenie-Viellard-Biographie.jpg","type":"image\/jpeg"}],"twitter_card":"summary_large_image","twitter_misc":{"Est. reading time":"2 minutes"},"schema":{"@context":"https:\/\/schema.org","@graph":[{"@type":"WebPage","@id":"https:\/\/eugenieviellard.com\/en\/bio\/","url":"https:\/\/eugenieviellard.com\/en\/bio\/","name":"Bio - Eug\u00e9nie Viellard","isPartOf":{"@id":"https:\/\/eugenieviellard.com\/en\/#website"},"primaryImageOfPage":{"@id":"https:\/\/eugenieviellard.com\/en\/bio\/#primaryimage"},"image":{"@id":"https:\/\/eugenieviellard.com\/en\/bio\/#primaryimage"},"thumbnailUrl":"https:\/\/eugenieviellard.com\/wp-content\/uploads\/2018\/12\/Eugenie-Viellard-Biographie.jpg","datePublished":"2016-09-07T06:25:40+00:00","dateModified":"2019-02-09T16:09:40+00:00","breadcrumb":{"@id":"https:\/\/eugenieviellard.com\/en\/bio\/#breadcrumb"},"inLanguage":"en-US","potentialAction":[{"@type":"ReadAction","target":["https:\/\/eugenieviellard.com\/en\/bio\/"]}]},{"@type":"ImageObject","inLanguage":"en-US","@id":"https:\/\/eugenieviellard.com\/en\/bio\/#primaryimage","url":"https:\/\/eugenieviellard.com\/wp-content\/uploads\/2018\/12\/Eugenie-Viellard-Biographie.jpg","contentUrl":"https:\/\/eugenieviellard.com\/wp-content\/uploads\/2018\/12\/Eugenie-Viellard-Biographie.jpg","width":800,"height":968},{"@type":"BreadcrumbList","@id":"https:\/\/eugenieviellard.com\/en\/bio\/#breadcrumb","itemListElement":[{"@type":"ListItem","position":1,"name":"Accueil","item":"https:\/\/eugenieviellard.com\/en\/"},{"@type":"ListItem","position":2,"name":"Bio"}]},{"@type":"WebSite","@id":"https:\/\/eugenieviellard.com\/en\/#website","url":"https:\/\/eugenieviellard.com\/en\/","name":"Eug\u00e9nie Viellard","description":"Eug\u00e9nie Viellard, Cr\u00e9atrice en joaillerie, Paris","potentialAction":[{"@type":"SearchAction","target":{"@type":"EntryPoint","urlTemplate":"https:\/\/eugenieviellard.com\/en\/?s={search_term_string}"},"query-input":{"@type":"PropertyValueSpecification","valueRequired":true,"valueName":"search_term_string"}}],"inLanguage":"en-US"}]}},"_links":{"self":[{"href":"https:\/\/eugenieviellard.com\/en\/wp-json\/wp\/v2\/pages\/73324","targetHints":{"allow":["GET"]}}],"collection":[{"href":"https:\/\/eugenieviellard.com\/en\/wp-json\/wp\/v2\/pages"}],"about":[{"href":"https:\/\/eugenieviellard.com\/en\/wp-json\/wp\/v2\/types\/page"}],"author":[{"embeddable":true,"href":"https:\/\/eugenieviellard.com\/en\/wp-json\/wp\/v2\/users\/1"}],"replies":[{"embeddable":true,"href":"https:\/\/eugenieviellard.com\/en\/wp-json\/wp\/v2\/comments?post=73324"}],"version-history":[{"count":6,"href":"https:\/\/eugenieviellard.com\/en\/wp-json\/wp\/v2\/pages\/73324\/revisions"}],"predecessor-version":[{"id":73700,"href":"https:\/\/eugenieviellard.com\/en\/wp-json\/wp\/v2\/pages\/73324\/revisions\/73700"}],"wp:featuredmedia":[{"embeddable":true,"href":"https:\/\/eugenieviellard.com\/en\/wp-json\/wp\/v2\/media\/1334"}],"wp:attachment":[{"href":"https:\/\/eugenieviellard.com\/en\/wp-json\/wp\/v2\/media?parent=73324"}],"curies":[{"name":"wp","href":"https:\/\/api.w.org\/{rel}","templated":true}]}}