{"id":73403,"date":"2017-05-15T11:53:55","date_gmt":"2017-05-15T09:53:55","guid":{"rendered":"http:\/\/eugenieviellard.com\/dev\/home\/"},"modified":"2023-09-07T11:37:56","modified_gmt":"2023-09-07T09:37:56","slug":"home","status":"publish","type":"page","link":"https:\/\/eugenieviellard.com\/en\/","title":{"rendered":"Home"},"content":{"rendered":"<div class=\"wpb-content-wrapper\"><p>[vc_row row_height_percent=&#8221;0&#8243; override_padding=&#8221;yes&#8221; h_padding=&#8221;2&#8243; top_padding=&#8221;3&#8243; bottom_padding=&#8221;3&#8243; back_color=&#8221;color-xsdn&#8221; overlay_alpha=&#8221;50&#8243; gutter_size=&#8221;3&#8243; column_width_percent=&#8221;100&#8243; shift_y=&#8221;0&#8243; z_index=&#8221;0&#8243;][vc_column column_width_use_pixel=&#8221;yes&#8221; align_horizontal=&#8221;align_center&#8221; gutter_size=&#8221;1&#8243; font_family=&#8221;font-202503&#8243; overlay_alpha=&#8221;50&#8243; shift_x=&#8221;0&#8243; shift_y=&#8221;0&#8243; shift_y_down=&#8221;0&#8243; z_index=&#8221;0&#8243; medium_width=&#8221;0&#8243; mobile_width=&#8221;0&#8243; width=&#8221;1\/1&#8243; column_width_pixel=&#8221;600&#8243;][vc_empty_space empty_h=&#8221;4&#8243;][\/vc_column][\/vc_row][vc_row unlock_row_content=&#8221;yes&#8221; row_height_percent=&#8221;0&#8243; override_padding=&#8221;yes&#8221; h_padding=&#8221;0&#8243; top_padding=&#8221;0&#8243; bottom_padding=&#8221;2&#8243; overlay_alpha=&#8221;90&#8243; gutter_size=&#8221;3&#8243; column_width_percent=&#8221;100&#8243; shift_y=&#8221;0&#8243; z_index=&#8221;2&#8243;][vc_column column_width_percent=&#8221;92&#8243; align_horizontal=&#8221;align_center&#8221; gutter_size=&#8221;4&#8243; back_color=&#8221;color-xsdn&#8221; overlay_alpha=&#8221;50&#8243; shift_x=&#8221;0&#8243; shift_y=&#8221;-5&#8243; shift_y_fixed=&#8221;yes&#8221; shift_y_down=&#8221;0&#8243; z_index=&#8221;0&#8243; medium_width=&#8221;0&#8243; mobile_width=&#8221;0&#8243; width=&#8221;1\/1&#8243;][uncode_index el_id=&#8221;index-9623217&#8243; loop=&#8221;size:3|order_by:modified|order:DESC|post_type:page|by_id:73040,7,998&#8243; style_preset=&#8221;metro&#8221; screen_lg=&#8221;1000&#8243; screen_md=&#8221;600&#8243; screen_sm=&#8221;480&#8243; gutter_size=&#8221;4&#8243; post_items=&#8221;media|featured|onpost|poster,title,category|nobg&#8221; page_items=&#8221;title,media|featured|onpost|original&#8221; portfolio_items=&#8221;title,media|featured|onpost|original&#8221; pagination=&#8221;yes&#8221; single_text=&#8221;overlay&#8221; single_back_color=&#8221;color-xsdn&#8221; single_overlay_color=&#8221;color-wayh&#8221; single_overlay_coloration=&#8221;bottom_gradient&#8221; single_overlay_opacity=&#8221;25&#8243; single_overlay_visible=&#8221;yes&#8221; single_text_visible=&#8221;yes&#8221; single_text_anim=&#8221;no&#8221; single_image_anim=&#8221;no&#8221; single_h_align=&#8221;center&#8221; single_v_position=&#8221;bottom&#8221; single_padding=&#8221;2&#8243; single_title_semantic=&#8221;h2&#8243; single_title_dimension=&#8221;h3&#8243; single_title_weight=&#8221;400&#8243; single_title_transform=&#8221;uppercase&#8221; single_title_space=&#8221;fontspace-781688&#8243; single_border=&#8221;yes&#8221; post_matrix=&#8221;matrix&#8221; matrix_amount=&#8221;30&#8243; matrix_items=&#8221;e30=&#8221;][vc_empty_space empty_h=&#8221;2&#8243;][\/vc_column][\/vc_row][vc_row row_height_percent=&#8221;0&#8243; override_padding=&#8221;yes&#8221; h_padding=&#8221;0&#8243; top_padding=&#8221;0&#8243; bottom_padding=&#8221;4&#8243; overlay_alpha=&#8221;90&#8243; gutter_size=&#8221;0&#8243; column_width_percent=&#8221;100&#8243; shift_y=&#8221;0&#8243; shift_y_fixed=&#8221;yes&#8221; z_index=&#8221;2&#8243; uncode_shortcode_id=&#8221;141686&#8243; shape_dividers=&#8221;&#8221;][vc_column column_width_use_pixel=&#8221;yes&#8221; gutter_size=&#8221;0&#8243; override_padding=&#8221;yes&#8221; column_padding=&#8221;2&#8243; font_family=&#8221;font-202503&#8243; back_color=&#8221;color-xsdn&#8221; overlay_alpha=&#8221;50&#8243; shift_x=&#8221;0&#8243; shift_y=&#8221;0&#8243; shift_y_fixed=&#8221;yes&#8221; shift_y_down=&#8221;0&#8243; z_index=&#8221;0&#8243; medium_width=&#8221;0&#8243; mobile_width=&#8221;0&#8243; width=&#8221;2\/3&#8243; column_width_pixel=&#8221;1400&#8243;][uncode_index el_id=&#8221;index-3533875&#8243; loop=&#8221;size:1|order_by:date|post_type:page|by_id:73459&#8243; screen_lg=&#8221;1000&#8243; screen_md=&#8221;600&#8243; screen_sm=&#8221;480&#8243; gutter_size=&#8221;1&#8243; post_items=&#8221;media|featured|onpost|original,title,text|excerpt,sep-one|full&#8221; page_items=&#8221;media|featured|onpost|original,title,text|excerpt|300&#8243; portfolio_items=&#8221;media|featured|onpost|original,title,text|excerpt|80,sep-one|full,date&#8221; single_width=&#8221;12&#8243; single_overlay_color=&#8221;color-xsdn&#8221; single_overlay_opacity=&#8221;50&#8243; single_overlay_anim=&#8221;no&#8221; single_text_visible=&#8221;yes&#8221; single_image_anim=&#8221;no&#8221; single_padding=&#8221;2&#8243; single_title_dimension=&#8221;h4&#8243; single_title_weight=&#8221;400&#8243; single_title_transform=&#8221;uppercase&#8221; single_title_space=&#8221;fontspace-781688&#8243; single_border=&#8221;yes&#8221;][vc_column_text]<a href=\"https:\/\/eugenieviellard.com\/en\/le-34\/\">READ MORE<\/a>[\/vc_column_text][uncode_index el_id=&#8221;index-3533875&#8243; loop=&#8221;size:1|order_by:date|post_type:page|by_id:73040&#8243; screen_lg=&#8221;1000&#8243; screen_md=&#8221;600&#8243; screen_sm=&#8221;480&#8243; gutter_size=&#8221;1&#8243; post_items=&#8221;media|featured|onpost|original,title,text|excerpt,sep-one|full&#8221; page_items=&#8221;media|featured|onpost|original,title,text|excerpt|300&#8243; portfolio_items=&#8221;media|featured|onpost|original,title,text|excerpt|80,sep-one|full,date&#8221; single_width=&#8221;12&#8243; single_overlay_color=&#8221;color-xsdn&#8221; single_overlay_opacity=&#8221;50&#8243; single_overlay_anim=&#8221;no&#8221; single_text_visible=&#8221;yes&#8221; single_image_anim=&#8221;no&#8221; single_padding=&#8221;2&#8243; single_title_family=&#8221;font-202503&#8243; single_title_dimension=&#8221;h4&#8243; single_title_weight=&#8221;400&#8243; single_title_transform=&#8221;uppercase&#8221; single_title_space=&#8221;fontspace-781688&#8243; single_border=&#8221;yes&#8221;][vc_column_text]<a href=\"https:\/\/eugenieviellard.com\/en\/tailor-made\/\">READ MORE<\/a>[\/vc_column_text][vc_empty_space empty_h=&#8221;3&#8243;][vc_row_inner limit_content=&#8221;&#8221;][vc_column_inner width=&#8221;1\/2&#8243;][vc_column_text]<\/p>\n<h3 class=\"t-entry-title\">GUESTS OF THE MONTH<\/h3>\n<p>[\/vc_column_text][\/vc_column_inner][vc_column_inner width=&#8221;1\/2&#8243;][uncode_index el_id=&#8221;index-3533875&#8243; loop=&#8221;size:1|order_by:date|post_type:page|by_id:73050&#8243; screen_lg=&#8221;1000&#8243; screen_md=&#8221;600&#8243; screen_sm=&#8221;480&#8243; gutter_size=&#8221;1&#8243; post_items=&#8221;media|featured|onpost|original,title,text|excerpt,sep-one|full&#8221; page_items=&#8221;media|featured|onpost|original,title,text|excerpt|120&#8243; portfolio_items=&#8221;media|featured|onpost|original,title,text|excerpt|80,sep-one|full,date&#8221; single_width=&#8221;12&#8243; images_size=&#8221;one-two&#8221; single_overlay_color=&#8221;color-xsdn&#8221; single_overlay_opacity=&#8221;50&#8243; single_overlay_anim=&#8221;no&#8221; single_text_visible=&#8221;yes&#8221; single_image_anim=&#8221;no&#8221; single_padding=&#8221;2&#8243; single_title_dimension=&#8221;h4&#8243; single_title_weight=&#8221;400&#8243; single_title_transform=&#8221;uppercase&#8221; single_title_space=&#8221;fontspace-781688&#8243; single_border=&#8221;yes&#8221;][\/vc_column_inner][\/vc_row_inner][\/vc_column][vc_column column_width_percent=&#8221;100&#8243; gutter_size=&#8221;3&#8243; override_padding=&#8221;yes&#8221; column_padding=&#8221;2&#8243; overlay_alpha=&#8221;50&#8243; shift_x=&#8221;0&#8243; shift_y=&#8221;0&#8243; shift_y_down=&#8221;0&#8243; z_index=&#8221;0&#8243; medium_width=&#8221;0&#8243; mobile_width=&#8221;0&#8243; width=&#8221;1\/3&#8243; uncode_shortcode_id=&#8221;109548&#8243;][uncode_index el_id=&#8221;index-3533875&#8243; loop=&#8221;size:1|order_by:date|post_type:page|by_id:73062&#8243; screen_lg=&#8221;1000&#8243; screen_md=&#8221;600&#8243; screen_sm=&#8221;480&#8243; gutter_size=&#8221;1&#8243; post_items=&#8221;media|featured|onpost|original,title,text|excerpt,sep-one|full&#8221; page_items=&#8221;title,text|excerpt|250,media|featured|onpost|original&#8221; portfolio_items=&#8221;media|featured|onpost|original,title,text|excerpt|80,sep-one|full,date&#8221; single_width=&#8221;12&#8243; images_size=&#8221;one-two&#8221; single_overlay_color=&#8221;color-xsdn&#8221; single_overlay_opacity=&#8221;50&#8243; single_overlay_anim=&#8221;no&#8221; single_text_visible=&#8221;yes&#8221; single_image_anim=&#8221;no&#8221; single_padding=&#8221;2&#8243; single_title_dimension=&#8221;h4&#8243; single_title_weight=&#8221;400&#8243; single_title_transform=&#8221;uppercase&#8221; single_title_space=&#8221;fontspace-781688&#8243; single_border=&#8221;yes&#8221;][vc_custom_heading]RECENT POSTS[\/vc_custom_heading][uncode_index el_id=&#8221;index-966204&#8243; isotope_mode=&#8221;fitRows&#8221; loop=&#8221;size:6|order_by:date|order:DESC|post_type:post&#8221; screen_lg=&#8221;1000&#8243; screen_md=&#8221;600&#8243; screen_sm=&#8221;480&#8243; gutter_size=&#8221;0&#8243; post_items=&#8221;title,date&#8221; single_width=&#8221;12&#8243; single_overlay_opacity=&#8221;50&#8243; single_padding=&#8221;0&#8243; single_text_reduced=&#8221;yes&#8221; el_class=&#8221;homepage-recent-posts&#8221;][vc_custom_heading]JEWELS[\/vc_custom_heading][uncode_index el_id=&#8221;index-966204&#8243; loop=&#8221;size:6|order_by:date|order:DESC|post_type:post&#8221; screen_lg=&#8221;1000&#8243; screen_md=&#8221;600&#8243; screen_sm=&#8221;480&#8243; gutter_size=&#8221;0&#8243; post_items=&#8221;title&#8221; single_width=&#8221;12&#8243; single_overlay_opacity=&#8221;50&#8243; single_padding=&#8221;0&#8243; single_text_reduced=&#8221;yes&#8221; el_class=&#8221;homepage-recent-posts&#8221;][\/vc_column][\/vc_row]<\/p>\n<\/div>","protected":false},"excerpt":{"rendered":"<p>[vc_row row_height_percent=&#8221;0&#8243; override_padding=&#8221;yes&#8221; h_padding=&#8221;2&#8243; top_padding=&#8221;3&#8243; bottom_padding=&#8221;3&#8243; back_color=&#8221;color-xsdn&#8221; overlay_alpha=&#8221;50&#8243; gutter_size=&#8221;3&#8243; column_width_percent=&#8221;100&#8243; shift_y=&#8221;0&#8243; z_index=&#8221;0&#8243;][vc_column column_width_use_pixel=&#8221;yes&#8221; align_horizontal=&#8221;align_center&#8221; gutter_size=&#8221;1&#8243; font_family=&#8221;font-202503&#8243; overlay_alpha=&#8221;50&#8243; shift_x=&#8221;0&#8243; shift_y=&#8221;0&#8243; shift_y_down=&#8221;0&#8243; [&hellip;]<\/p>\n","protected":false},"author":1,"featured_media":0,"parent":0,"menu_order":0,"comment_status":"closed","ping_status":"closed","template":"","meta":{"_exactmetrics_skip_tracking":false,"_exactmetrics_sitenote_active":false,"_exactmetrics_sitenote_note":"","_exactmetrics_sitenote_category":0,"footnotes":""},"class_list":["post-73403","page","type-page","status-publish","hentry"],"yoast_head":"<!-- This site is optimized with the Yoast SEO plugin v24.0 - https:\/\/yoast.com\/wordpress\/plugins\/seo\/ -->\n<title>Home - Eug\u00e9nie Viellard<\/title>\n<meta name=\"robots\" content=\"index, follow, max-snippet:-1, max-image-preview:large, max-video-preview:-1\" \/>\n<link rel=\"canonical\" href=\"https:\/\/eugenieviellard.com\/en\/\" \/>\n<meta property=\"og:locale\" content=\"en_US\" \/>\n<meta property=\"og:type\" content=\"article\" \/>\n<meta property=\"og:title\" content=\"Home - Eug\u00e9nie Viellard\" \/>\n<meta property=\"og:description\" content=\"[vc_row row_height_percent=&#8221;0&#8243; override_padding=&#8221;yes&#8221; h_padding=&#8221;2&#8243; top_padding=&#8221;3&#8243; bottom_padding=&#8221;3&#8243; back_color=&#8221;color-xsdn&#8221; overlay_alpha=&#8221;50&#8243; gutter_size=&#8221;3&#8243; column_width_percent=&#8221;100&#8243; shift_y=&#8221;0&#8243; z_index=&#8221;0&#8243;][vc_column column_width_use_pixel=&#8221;yes&#8221; align_horizontal=&#8221;align_center&#8221; gutter_size=&#8221;1&#8243; font_family=&#8221;font-202503&#8243; overlay_alpha=&#8221;50&#8243; shift_x=&#8221;0&#8243; shift_y=&#8221;0&#8243; shift_y_down=&#8221;0&#8243; [&hellip;]\" \/>\n<meta property=\"og:url\" content=\"https:\/\/eugenieviellard.com\/en\/\" \/>\n<meta property=\"og:site_name\" content=\"Eug\u00e9nie Viellard\" \/>\n<meta property=\"article:modified_time\" content=\"2023-09-07T09:37:56+00:00\" \/>\n<meta name=\"twitter:card\" content=\"summary_large_image\" \/>\n<meta name=\"twitter:label1\" content=\"Est. reading time\" \/>\n\t<meta name=\"twitter:data1\" content=\"2 minutes\" \/>\n<script type=\"application\/ld+json\" class=\"yoast-schema-graph\">{\"@context\":\"https:\/\/schema.org\",\"@graph\":[{\"@type\":\"WebPage\",\"@id\":\"https:\/\/eugenieviellard.com\/en\/\",\"url\":\"https:\/\/eugenieviellard.com\/en\/\",\"name\":\"Home - Eug\u00e9nie Viellard\",\"isPartOf\":{\"@id\":\"https:\/\/eugenieviellard.com\/en\/#website\"},\"datePublished\":\"2017-05-15T09:53:55+00:00\",\"dateModified\":\"2023-09-07T09:37:56+00:00\",\"breadcrumb\":{\"@id\":\"https:\/\/eugenieviellard.com\/en\/#breadcrumb\"},\"inLanguage\":\"en-US\",\"potentialAction\":[{\"@type\":\"ReadAction\",\"target\":[\"https:\/\/eugenieviellard.com\/en\/\"]}]},{\"@type\":\"BreadcrumbList\",\"@id\":\"https:\/\/eugenieviellard.com\/en\/#breadcrumb\",\"itemListElement\":[{\"@type\":\"ListItem\",\"position\":1,\"name\":\"Accueil\",\"item\":\"https:\/\/eugenieviellard.com\/en\/\"},{\"@type\":\"ListItem\",\"position\":2,\"name\":\"Home\"}]},{\"@type\":\"WebSite\",\"@id\":\"https:\/\/eugenieviellard.com\/en\/#website\",\"url\":\"https:\/\/eugenieviellard.com\/en\/\",\"name\":\"Eug\u00e9nie Viellard\",\"description\":\"Eug\u00e9nie Viellard, Cr\u00e9atrice en joaillerie, Paris\",\"potentialAction\":[{\"@type\":\"SearchAction\",\"target\":{\"@type\":\"EntryPoint\",\"urlTemplate\":\"https:\/\/eugenieviellard.com\/en\/?s={search_term_string}\"},\"query-input\":{\"@type\":\"PropertyValueSpecification\",\"valueRequired\":true,\"valueName\":\"search_term_string\"}}],\"inLanguage\":\"en-US\"}]}<\/script>\n<!-- \/ Yoast SEO plugin. -->","yoast_head_json":{"title":"Home - Eug\u00e9nie Viellard","robots":{"index":"index","follow":"follow","max-snippet":"max-snippet:-1","max-image-preview":"max-image-preview:large","max-video-preview":"max-video-preview:-1"},"canonical":"https:\/\/eugenieviellard.com\/en\/","og_locale":"en_US","og_type":"article","og_title":"Home - Eug\u00e9nie Viellard","og_description":"[vc_row row_height_percent=&#8221;0&#8243; override_padding=&#8221;yes&#8221; h_padding=&#8221;2&#8243; top_padding=&#8221;3&#8243; bottom_padding=&#8221;3&#8243; back_color=&#8221;color-xsdn&#8221; overlay_alpha=&#8221;50&#8243; gutter_size=&#8221;3&#8243; column_width_percent=&#8221;100&#8243; shift_y=&#8221;0&#8243; z_index=&#8221;0&#8243;][vc_column column_width_use_pixel=&#8221;yes&#8221; align_horizontal=&#8221;align_center&#8221; gutter_size=&#8221;1&#8243; font_family=&#8221;font-202503&#8243; overlay_alpha=&#8221;50&#8243; shift_x=&#8221;0&#8243; shift_y=&#8221;0&#8243; shift_y_down=&#8221;0&#8243; [&hellip;]","og_url":"https:\/\/eugenieviellard.com\/en\/","og_site_name":"Eug\u00e9nie Viellard","article_modified_time":"2023-09-07T09:37:56+00:00","twitter_card":"summary_large_image","twitter_misc":{"Est. reading time":"2 minutes"},"schema":{"@context":"https:\/\/schema.org","@graph":[{"@type":"WebPage","@id":"https:\/\/eugenieviellard.com\/en\/","url":"https:\/\/eugenieviellard.com\/en\/","name":"Home - Eug\u00e9nie Viellard","isPartOf":{"@id":"https:\/\/eugenieviellard.com\/en\/#website"},"datePublished":"2017-05-15T09:53:55+00:00","dateModified":"2023-09-07T09:37:56+00:00","breadcrumb":{"@id":"https:\/\/eugenieviellard.com\/en\/#breadcrumb"},"inLanguage":"en-US","potentialAction":[{"@type":"ReadAction","target":["https:\/\/eugenieviellard.com\/en\/"]}]},{"@type":"BreadcrumbList","@id":"https:\/\/eugenieviellard.com\/en\/#breadcrumb","itemListElement":[{"@type":"ListItem","position":1,"name":"Accueil","item":"https:\/\/eugenieviellard.com\/en\/"},{"@type":"ListItem","position":2,"name":"Home"}]},{"@type":"WebSite","@id":"https:\/\/eugenieviellard.com\/en\/#website","url":"https:\/\/eugenieviellard.com\/en\/","name":"Eug\u00e9nie Viellard","description":"Eug\u00e9nie Viellard, Cr\u00e9atrice en joaillerie, Paris","potentialAction":[{"@type":"SearchAction","target":{"@type":"EntryPoint","urlTemplate":"https:\/\/eugenieviellard.com\/en\/?s={search_term_string}"},"query-input":{"@type":"PropertyValueSpecification","valueRequired":true,"valueName":"search_term_string"}}],"inLanguage":"en-US"}]}},"_links":{"self":[{"href":"https:\/\/eugenieviellard.com\/en\/wp-json\/wp\/v2\/pages\/73403","targetHints":{"allow":["GET"]}}],"collection":[{"href":"https:\/\/eugenieviellard.com\/en\/wp-json\/wp\/v2\/pages"}],"about":[{"href":"https:\/\/eugenieviellard.com\/en\/wp-json\/wp\/v2\/types\/page"}],"author":[{"embeddable":true,"href":"https:\/\/eugenieviellard.com\/en\/wp-json\/wp\/v2\/users\/1"}],"replies":[{"embeddable":true,"href":"https:\/\/eugenieviellard.com\/en\/wp-json\/wp\/v2\/comments?post=73403"}],"version-history":[{"count":11,"href":"https:\/\/eugenieviellard.com\/en\/wp-json\/wp\/v2\/pages\/73403\/revisions"}],"predecessor-version":[{"id":73960,"href":"https:\/\/eugenieviellard.com\/en\/wp-json\/wp\/v2\/pages\/73403\/revisions\/73960"}],"wp:attachment":[{"href":"https:\/\/eugenieviellard.com\/en\/wp-json\/wp\/v2\/media?parent=73403"}],"curies":[{"name":"wp","href":"https:\/\/api.w.org\/{rel}","templated":true}]}}